{"id":4661,"date":"2023-05-25T21:34:26","date_gmt":"2023-05-25T21:34:26","guid":{"rendered":"https:\/\/www.fokusaward.com\/?page_id=4661"},"modified":"2025-06-04T09:58:29","modified_gmt":"2025-06-04T09:58:29","slug":"tema","status":"publish","type":"page","link":"https:\/\/www.fokusaward.com\/en\/tema\/","title":{"rendered":"THEME"},"content":{"rendered":"<div data-elementor-type=\"wp-page\" data-elementor-id=\"4661\" class=\"elementor elementor-4661\">\n\t\t\t\t\t\t\t\t\t<section class=\"elementor-section elementor-top-section elementor-element elementor-element-1913e26 elementor-section-boxed elementor-section-height-default elementor-section-height-default\" data-id=\"1913e26\" data-element_type=\"section\">\n\t\t\t\t\t\t<div class=\"elementor-container elementor-column-gap-default\">\n\t\t\t\t\t<div class=\"elementor-column elementor-col-100 elementor-top-column elementor-element elementor-element-be8d328\" data-id=\"be8d328\" data-element_type=\"column\">\n\t\t\t<div class=\"elementor-widget-wrap\">\n\t\t\t\t\t\t\t\t\t<\/div>\n\t\t<\/div>\n\t\t\t\t\t\t\t<\/div>\n\t\t<\/section>\n\t\t\t\t<section class=\"elementor-section elementor-top-section elementor-element elementor-element-2edb5abe elementor-section-full_width elementor-section-stretched elementor-section-height-default elementor-section-height-default\" data-id=\"2edb5abe\" data-element_type=\"section\" data-settings=\"{&quot;stretch_section&quot;:&quot;section-stretched&quot;}\">\n\t\t\t\t\t\t<div class=\"elementor-container elementor-column-gap-default\">\n\t\t\t\t\t<div class=\"elementor-column elementor-col-100 elementor-top-column elementor-element elementor-element-1dff58cc\" data-id=\"1dff58cc\" data-element_type=\"column\" data-settings=\"{&quot;background_background&quot;:&quot;classic&quot;}\">\n\t\t\t<div class=\"elementor-widget-wrap elementor-element-populated\">\n\t\t\t\t\t\t\t\t<div class=\"elementor-element elementor-element-737ed5b5 elementor-widget elementor-widget-yprm_heading\" data-id=\"737ed5b5\" data-element_type=\"widget\" data-widget_type=\"yprm_heading.default\">\n\t\t\t\t<div class=\"elementor-widget-container\">\n\t\t\t\t\t\t<div class=\"heading-block with-line tac\">\n\t\t\t\t\t\t\t\t\t<div class=\"sub-h\">FOKUS AWARD 16-th Edition<\/div>\n\t\t\t\t                  <h3 class=\"h\">THEME<\/h3>\n        \t\t\t<\/div>\n      \t\t\t\t<\/div>\n\t\t\t\t<\/div>\n\t\t\t\t<div class=\"elementor-element elementor-element-ace2e63 elementor-widget elementor-widget-image\" data-id=\"ace2e63\" data-element_type=\"widget\" data-widget_type=\"image.default\">\n\t\t\t\t<div class=\"elementor-widget-container\">\n\t\t\t<style>\/*! elementor - v3.6.7 - 03-07-2022 *\/\n.elementor-widget-image{text-align:center}.elementor-widget-image a{display:inline-block}.elementor-widget-image a img[src$=\".svg\"]{width:48px}.elementor-widget-image img{vertical-align:middle;display:inline-block}<\/style>\t\t\t\t\t\t\t\t\t\t\t\t<img decoding=\"async\" width=\"882\" height=\"1024\" src=\"https:\/\/www.fokusaward.com\/wp-content\/uploads\/2025\/06\/Theme-Category-2025-882x1024.png\" class=\"attachment-large size-large\" alt=\"\" loading=\"lazy\" srcset=\"https:\/\/www.fokusaward.com\/wp-content\/uploads\/2025\/06\/Theme-Category-2025-882x1024.png 882w, https:\/\/www.fokusaward.com\/wp-content\/uploads\/2025\/06\/Theme-Category-2025-258x300.png 258w, https:\/\/www.fokusaward.com\/wp-content\/uploads\/2025\/06\/Theme-Category-2025-1322x1536.png 1322w, https:\/\/www.fokusaward.com\/wp-content\/uploads\/2025\/06\/Theme-Category-2025-10x12.png 10w, https:\/\/www.fokusaward.com\/wp-content\/uploads\/2025\/06\/Theme-Category-2025-60x70.png 60w, https:\/\/www.fokusaward.com\/wp-content\/uploads\/2025\/06\/Theme-Category-2025.png 1763w, https:\/\/www.fokusaward.com\/wp-content\/uploads\/2025\/06\/Theme-Category-2025-882x1024@2x.png 1764w, https:\/\/www.fokusaward.com\/wp-content\/uploads\/2025\/06\/Theme-Category-2025-258x300@2x.png 516w\" sizes=\"(max-width: 882px) 100vw, 882px\" \/>\t\t\t\t\t\t\t\t\t\t\t\t\t\t\t<\/div>\n\t\t\t\t<\/div>\n\t\t\t\t<div class=\"elementor-element elementor-element-7542b32b elementor-widget elementor-widget-text-editor\" data-id=\"7542b32b\" data-element_type=\"widget\" data-widget_type=\"text-editor.default\">\n\t\t\t\t<div class=\"elementor-widget-container\">\n\t\t\t<style>\/*! elementor - v3.6.7 - 03-07-2022 *\/\n.elementor-widget-text-editor.elementor-drop-cap-view-stacked .elementor-drop-cap{background-color:#818a91;color:#fff}.elementor-widget-text-editor.elementor-drop-cap-view-framed .elementor-drop-cap{color:#818a91;border:3px solid;background-color:transparent}.elementor-widget-text-editor:not(.elementor-drop-cap-view-default) .elementor-drop-cap{margin-top:8px}.elementor-widget-text-editor:not(.elementor-drop-cap-view-default) .elementor-drop-cap-letter{width:1em;height:1em}.elementor-widget-text-editor .elementor-drop-cap{float:left;text-align:center;line-height:1;font-size:50px}.elementor-widget-text-editor .elementor-drop-cap-letter{display:inline-block}<\/style>\t\t\t\t<h3 style=\"text-align: center;\"><strong>\u201cTHE ENDLESS PERSPECTIVE OF VISION\u201d<\/strong><\/h3><p>In an era where images dominate communication and technology has transformed the way we perceive, our vision is no longer free. It is conditioned by screens, algorithms, and artificial intelligence. These forces create a reality that isn\u2019t always an unmediated reflection of truth, but rather a selectively curated, manipulated, or fragmented version of it. In this context, documentary photography is often seen as a means of preserving a direct connection to reality. But is that really the case?<\/p><p class=\" translation-block\"><strong>\"The endless perspective of vision <\/strong>challenges us to explore and transcend these limitations, urging us to look beyond what is readily handed to us or assumed as self-evident<\/p><p>This call invites photographers to reconsider vision not as a passive act of seeing, but as a complex interplay between the subject, technology, and personal interpretation. Where do the limits of our perception actually begin and end?<\/p><p>Are they tangible barriers, physical objects that shape the way we experience space, or are they subtler, deeper, and ingrained influences, such as media manipulation, censorship, social biases, and the conditioned modes of understanding born from our experiences and culture?<\/p><p>Within this framework, photography becomes not only a tool for documenting reality but also a means to reexamine it, to push beyond the confines of what is visible, and to reveal that which lies outside the conventional frame of perception.<\/p><p class=\" translation-block\"><strong>\"The endless perspective of vision\"<\/strong> is an invitation to question, explore, and challenge visual reality in all its dimensions.<\/p><p style=\"text-align: center;\"><strong>Curator <\/strong>Prof. Asc. Albes Fusha<\/p>\t\t\t\t\t\t<\/div>\n\t\t\t\t<\/div>\n\t\t\t\t<div class=\"elementor-element elementor-element-5999e5e elementor-widget elementor-widget-text-editor\" data-id=\"5999e5e\" data-element_type=\"widget\" data-widget_type=\"text-editor.default\">\n\t\t\t\t<div class=\"elementor-widget-container\">\n\t\t\t\t\t\t\t<blockquote><p style=\"text-align: center;\"><strong><span style=\"font-size: 20px;\">The winners of the Main Theme and the \u201cPress &amp; News\u201d Category will be awarded 1000 EURO.<\/span><\/strong><\/p><p style=\"text-align: center;\"><strong><span style=\"font-size: 20px;\"> The prizes for the other three categories will be honorary and accompanied by the respective trophy.<\/span><\/strong><\/p><\/blockquote>\t\t\t\t\t\t<\/div>\n\t\t\t\t<\/div>\n\t\t\t\t<div class=\"elementor-element elementor-element-07ffea1 elementor-widget elementor-widget-text-editor\" data-id=\"07ffea1\" data-element_type=\"widget\" data-widget_type=\"text-editor.default\">\n\t\t\t\t<div class=\"elementor-widget-container\">\n\t\t\t\t\t\t\t<blockquote><p><span style=\"font-weight: 400;\">The photos must have been taken in the time period 2022 - 2025. <\/span><span style=\"font-weight: 400;\">The following photo enhancements are acceptable:\u00a0<\/span><\/p><ul><li><span style=\"font-weight: 400;\">Cropping, contrast and exposure changes, color correction, desaturation. <\/span><\/li><li><span style=\"font-weight: 400;\">Not acceptable: Importing elements from other photos, cloning and deleting parts of the photo, or using any other technique not mentioned in the list of allowed interventions.<\/span><\/li><li><span style=\"font-weight: 400;\">Photographs created by artificial intelligence are prohibited<\/span><\/li><\/ul><\/blockquote>\t\t\t\t\t\t<\/div>\n\t\t\t\t<\/div>\n\t\t\t\t\t<\/div>\n\t\t<\/div>\n\t\t\t\t\t\t\t<\/div>\n\t\t<\/section>\n\t\t\t\t<section class=\"elementor-section elementor-top-section elementor-element elementor-element-a5ba2f4 elementor-section-boxed elementor-section-height-default elementor-section-height-default\" data-id=\"a5ba2f4\" data-element_type=\"section\">\n\t\t\t\t\t\t<div class=\"elementor-container elementor-column-gap-default\">\n\t\t\t\t\t<div class=\"elementor-column elementor-col-100 elementor-top-column elementor-element elementor-element-d954468\" data-id=\"d954468\" data-element_type=\"column\">\n\t\t\t<div class=\"elementor-widget-wrap elementor-element-populated\">\n\t\t\t\t\t\t\t\t<div class=\"elementor-element elementor-element-abcab5a elementor-widget elementor-widget-yprm_heading\" data-id=\"abcab5a\" data-element_type=\"widget\" data-widget_type=\"yprm_heading.default\">\n\t\t\t\t<div class=\"elementor-widget-container\">\n\t\t\t\t\t\t<div class=\"heading-block with-line tac\">\n\t\t\t\t                  <h3 class=\"h\">In Focus<\/h3>\n        \t\t\t<\/div>\n      \t\t\t\t<\/div>\n\t\t\t\t<\/div>\n\t\t\t\t<div class=\"elementor-element elementor-element-c466c56 elementor-widget elementor-widget-yprm_categories\" data-id=\"c466c56\" data-element_type=\"widget\" data-settings=\"{&quot;cols_xs&quot;:1,&quot;cols_sm&quot;:4,&quot;cols_md&quot;:4,&quot;cols_lg&quot;:4,&quot;cols_xl&quot;:4}\" data-widget_type=\"yprm_categories.default\">\n\t\t\t\t<div class=\"elementor-widget-container\">\n\t\t\t\t\t<div class=\"category row category-block type-normal\" data-portfolio-settings=\"{&quot;pauseohover&quot;:true,&quot;type&quot;:&quot;normal&quot;,&quot;cols_xs&quot;:1,&quot;cols_sm&quot;:4,&quot;cols_md&quot;:4,&quot;cols_lg&quot;:4,&quot;cols_xl&quot;:4}\">\r\n\t\t\t\t\t\t\t<div class=\"item category-item elementor-repeater-item-4d365f4 white\" style=\"background-image: url(https:\/\/www.fokusaward.com\/wp-content\/uploads\/2025\/06\/5-1-882x1024.png);\">\r\n\t\t\t\t\t\t\t<h6 class=\"sub-h\">FOKUS AWARD<\/h6>\r\n\t\t\t\t\t\t<h3 class=\"h\">NEWS &amp; PRESS<\/h3>\r\n\t\t\t\t\t\t\t<a class=\"button-style1\" target=\"_blank\" rel=\"nofollow\" href=\"https:\/\/www.fokusaward.com\/en\/news-and-press-2\/\">LEARN MORE<\/a>\r\n\t\t\t\t\t<\/div>\r\n\t\t\t\t<div class=\"item category-item elementor-repeater-item-2660bb3 white\" style=\"background-image: url(https:\/\/www.fokusaward.com\/wp-content\/uploads\/2025\/06\/2-882x1024.png);\">\r\n\t\t\t\t\t\t\t<h6 class=\"sub-h\">FOKUS AWARD<\/h6>\r\n\t\t\t\t\t\t<h3 class=\"h\">LAND<\/h3>\r\n\t\t\t\t\t\t\t<a class=\"button-style1\" target=\"_blank\" rel=\"nofollow\" href=\"https:\/\/www.fokusaward.com\/en\/nature\/\">LEARN MORE<\/a>\r\n\t\t\t\t\t<\/div>\r\n\t\t\t\t<div class=\"item category-item elementor-repeater-item-734d7e2 white\" style=\"background-image: url(https:\/\/www.fokusaward.com\/wp-content\/uploads\/2025\/06\/3-882x1024.png);\">\r\n\t\t\t\t\t\t\t<h6 class=\"sub-h\">FOKUS AWARD<\/h6>\r\n\t\t\t\t\t\t<h3 class=\"h\">LIFE<\/h3>\r\n\t\t\t\t\t\t\t<a class=\"button-style1\" target=\"_blank\" rel=\"nofollow\" href=\"https:\/\/www.fokusaward.com\/en\/life\/\">LEARN MORE<\/a>\r\n\t\t\t\t\t<\/div>\r\n\t\t\t\t<div class=\"item category-item elementor-repeater-item-c6e1dfe white\" style=\"background-image: url(https:\/\/www.fokusaward.com\/wp-content\/uploads\/2025\/06\/PEOPLE-CATEGORY-882x1024.jpg);\">\r\n\t\t\t\t\t\t\t<h6 class=\"sub-h\">FOKUS AWARD<\/h6>\r\n\t\t\t\t\t\t<h3 class=\"h\">PEOPLE<\/h3>\r\n\t\t\t\t\t\t\t<a class=\"button-style1\" target=\"_blank\" rel=\"nofollow\" href=\"https:\/\/www.fokusaward.com\/en\/people\/\">LEARN MORE<\/a>\r\n\t\t\t\t\t<\/div>\r\n\t\t\t\t\t\t<\/div>\r\n\r\n\t\t\t\t<\/div>\n\t\t\t\t<\/div>\n\t\t\t\t\t<\/div>\n\t\t<\/div>\n\t\t\t\t\t\t\t<\/div>\n\t\t<\/section>\n\t\t\t\t\t\t\t<\/div>","protected":false},"excerpt":{"rendered":"<p>FOKUS AWARD 16-th Edition TEMA &#8220;KUFIJT\u00cb E SHIKIMIT&#8221; N\u00eb nj\u00eb epok\u00eb ku imazhi dominon komunikimin dhe teknologjia ka transformuar m\u00ebnyr\u00ebn ton\u00eb t\u00eb perceptimit, perceptimi yn\u00eb vizual nuk \u00ebsht\u00eb m\u00eb i lir\u00eb, por i kusht\u00ebzuar nga ekranet, algoritmet dhe inteligjenca artificiale. K\u00ebto faktor\u00eb krijojn\u00eb nj\u00eb realitet q\u00eb nuk \u00ebsht\u00eb gjithmon\u00eb nj\u00eb pasqyrim i drejtp\u00ebrdrejt\u00eb i s\u00eb [&hellip;]<\/p>","protected":false},"author":1,"featured_media":0,"parent":0,"menu_order":0,"comment_status":"closed","ping_status":"closed","template":"template-landing.php","meta":[],"acf":[],"_links":{"self":[{"href":"https:\/\/www.fokusaward.com\/en\/wp-json\/wp\/v2\/pages\/4661"}],"collection":[{"href":"https:\/\/www.fokusaward.com\/en\/wp-json\/wp\/v2\/pages"}],"about":[{"href":"https:\/\/www.fokusaward.com\/en\/wp-json\/wp\/v2\/types\/page"}],"author":[{"embeddable":true,"href":"https:\/\/www.fokusaward.com\/en\/wp-json\/wp\/v2\/users\/1"}],"replies":[{"embeddable":true,"href":"https:\/\/www.fokusaward.com\/en\/wp-json\/wp\/v2\/comments?post=4661"}],"version-history":[{"count":52,"href":"https:\/\/www.fokusaward.com\/en\/wp-json\/wp\/v2\/pages\/4661\/revisions"}],"predecessor-version":[{"id":7533,"href":"https:\/\/www.fokusaward.com\/en\/wp-json\/wp\/v2\/pages\/4661\/revisions\/7533"}],"wp:attachment":[{"href":"https:\/\/www.fokusaward.com\/en\/wp-json\/wp\/v2\/media?parent=4661"}],"curies":[{"name":"wp","href":"https:\/\/api.w.org\/{rel}","templated":true}]}}