{"id":3642,"date":"2022-05-17T22:50:50","date_gmt":"2022-05-17T22:50:50","guid":{"rendered":"https:\/\/www.fokusaward.com\/?page_id=3642"},"modified":"2025-06-04T09:12:56","modified_gmt":"2025-06-04T09:12:56","slug":"life","status":"publish","type":"page","link":"https:\/\/www.fokusaward.com\/en\/life\/","title":{"rendered":"LIFE"},"content":{"rendered":"<div data-elementor-type=\"wp-page\" data-elementor-id=\"3642\" class=\"elementor elementor-3642\">\n\t\t\t\t\t\t\t\t\t<section class=\"elementor-section elementor-top-section elementor-element elementor-element-98316e4 elementor-section-boxed elementor-section-height-default elementor-section-height-default\" data-id=\"98316e4\" data-element_type=\"section\">\n\t\t\t\t\t\t<div class=\"elementor-container elementor-column-gap-default\">\n\t\t\t\t\t<div class=\"elementor-column elementor-col-100 elementor-top-column elementor-element elementor-element-53a68ce\" data-id=\"53a68ce\" data-element_type=\"column\">\n\t\t\t<div class=\"elementor-widget-wrap\">\n\t\t\t\t\t\t\t\t\t<\/div>\n\t\t<\/div>\n\t\t\t\t\t\t\t<\/div>\n\t\t<\/section>\n\t\t\t\t<section class=\"elementor-section elementor-top-section elementor-element elementor-element-da6021b elementor-section-boxed elementor-section-height-default elementor-section-height-default\" data-id=\"da6021b\" data-element_type=\"section\">\n\t\t\t\t\t\t<div class=\"elementor-container elementor-column-gap-default\">\n\t\t\t\t\t<div class=\"elementor-column elementor-col-100 elementor-top-column elementor-element elementor-element-b857ea2\" data-id=\"b857ea2\" data-element_type=\"column\">\n\t\t\t<div class=\"elementor-widget-wrap\">\n\t\t\t\t\t\t\t\t\t<\/div>\n\t\t<\/div>\n\t\t\t\t\t\t\t<\/div>\n\t\t<\/section>\n\t\t\t\t<section class=\"elementor-section elementor-top-section elementor-element elementor-element-2edb5abe elementor-section-boxed elementor-section-height-default elementor-section-height-default\" data-id=\"2edb5abe\" data-element_type=\"section\">\n\t\t\t\t\t\t<div class=\"elementor-container elementor-column-gap-default\">\n\t\t\t\t\t<div class=\"elementor-column elementor-col-50 elementor-top-column elementor-element elementor-element-4ffb4c94\" data-id=\"4ffb4c94\" data-element_type=\"column\" data-settings=\"{&quot;background_background&quot;:&quot;classic&quot;}\">\n\t\t\t<div class=\"elementor-widget-wrap elementor-element-populated\">\n\t\t\t\t\t\t\t\t<div class=\"elementor-element elementor-element-5693df82 elementor-widget elementor-widget-spacer\" data-id=\"5693df82\" data-element_type=\"widget\" data-widget_type=\"spacer.default\">\n\t\t\t\t<div class=\"elementor-widget-container\">\n\t\t\t<style>\/*! elementor - v3.6.7 - 03-07-2022 *\/\n.e-container.e-container--row .elementor-spacer-inner{width:var(--spacer-size)}.e-container.e-container--column .elementor-spacer-inner,.elementor-column .elementor-spacer-inner{height:var(--spacer-size)}<\/style>\t\t<div class=\"elementor-spacer\">\n\t\t\t<div class=\"elementor-spacer-inner\"><\/div>\n\t\t<\/div>\n\t\t\t\t<\/div>\n\t\t\t\t<\/div>\n\t\t\t\t\t<\/div>\n\t\t<\/div>\n\t\t\t\t<div class=\"elementor-column elementor-col-50 elementor-top-column elementor-element elementor-element-1dff58cc\" data-id=\"1dff58cc\" data-element_type=\"column\" data-settings=\"{&quot;background_background&quot;:&quot;classic&quot;}\">\n\t\t\t<div class=\"elementor-widget-wrap elementor-element-populated\">\n\t\t\t\t\t\t\t\t<div class=\"elementor-element elementor-element-72a079a elementor-widget elementor-widget-yprm_team\" data-id=\"72a079a\" data-element_type=\"widget\" data-settings=\"{&quot;per_line&quot;:&quot;3&quot;,&quot;per_line_tablet&quot;:&quot;2&quot;,&quot;per_line_mobile&quot;:&quot;1&quot;}\" data-widget_type=\"yprm_team.default\">\n\t\t\t\t<div class=\"elementor-widget-container\">\n\t\t\t    <div class=\"team-items row\" data-banner-settings=\"{&quot;desktop_columns&quot;:3,&quot;tablet_columns&quot;:2,&quot;mobile_columns&quot;:1}\">\n          <\/div>\n  \t\t<\/div>\n\t\t\t\t<\/div>\n\t\t\t\t<div class=\"elementor-element elementor-element-737ed5b5 elementor-widget elementor-widget-yprm_heading\" data-id=\"737ed5b5\" data-element_type=\"widget\" data-widget_type=\"yprm_heading.default\">\n\t\t\t\t<div class=\"elementor-widget-container\">\n\t\t\t\t\t\t<div class=\"heading-block with-line tal\">\n\t\t\t\t                  <h3 class=\"h\">LIFE<\/h3>\n        \t\t\t<\/div>\n      \t\t\t\t<\/div>\n\t\t\t\t<\/div>\n\t\t\t\t<div class=\"elementor-element elementor-element-7542b32b elementor-widget elementor-widget-text-editor\" data-id=\"7542b32b\" data-element_type=\"widget\" data-widget_type=\"text-editor.default\">\n\t\t\t\t<div class=\"elementor-widget-container\">\n\t\t\t<style>\/*! elementor - v3.6.7 - 03-07-2022 *\/\n.elementor-widget-text-editor.elementor-drop-cap-view-stacked .elementor-drop-cap{background-color:#818a91;color:#fff}.elementor-widget-text-editor.elementor-drop-cap-view-framed .elementor-drop-cap{color:#818a91;border:3px solid;background-color:transparent}.elementor-widget-text-editor:not(.elementor-drop-cap-view-default) .elementor-drop-cap{margin-top:8px}.elementor-widget-text-editor:not(.elementor-drop-cap-view-default) .elementor-drop-cap-letter{width:1em;height:1em}.elementor-widget-text-editor .elementor-drop-cap{float:left;text-align:center;line-height:1;font-size:50px}.elementor-widget-text-editor .elementor-drop-cap-letter{display:inline-block}<\/style>\t\t\t\t<p><span style=\"font-size: 20px;\"><span style=\"font-weight: 400;\">This includes all photos related to the presentation of a style, fashion, objects, products, people, weddings, etc. <\/span><\/span><\/p><p><span style=\"font-size: 20px;\"><span style=\"font-weight: 400;\">Photos must have been taken in the time period 2022 \u2013 2025. The following photo enhancements are acceptable: cropping, contrast and exposure changes, color correction, desaturation, HDR, mixing two or three frames into one, but from the same country and same time frame. Not acceptable: Importing elements from other photos, or from the same scene on another day, or using any other technique that is not mentioned in the list of allowed interventions. Photographs created by artificial intelligence are prohibited. You can only apply with one photo for this category.<\/span><\/span><\/p><p><span style=\"font-size: 20px;\">\u00a0<\/span><\/p>\t\t\t\t\t\t<\/div>\n\t\t\t\t<\/div>\n\t\t\t\t<div class=\"elementor-element elementor-element-1651793 elementor-button-info elementor-align-center elementor-widget elementor-widget-button\" data-id=\"1651793\" data-element_type=\"widget\" data-widget_type=\"button.default\">\n\t\t\t\t<div class=\"elementor-widget-container\">\n\t\t\t\t\t<div class=\"elementor-button-wrapper\">\n\t\t\t<a href=\"https:\/\/www.fokusaward.com\/en\/submit\/\" class=\"elementor-button-link elementor-button elementor-size-sm\" role=\"button\">\n\t\t\t\t\t\t<span class=\"elementor-button-content-wrapper\">\n\t\t\t\t\t\t<span class=\"elementor-button-text\">CLICK HERE TO APPLY<\/span>\n\t\t<\/span>\n\t\t\t\t\t<\/a>\n\t\t<\/div>\n\t\t\t\t<\/div>\n\t\t\t\t<\/div>\n\t\t\t\t\t<\/div>\n\t\t<\/div>\n\t\t\t\t\t\t\t<\/div>\n\t\t<\/section>\n\t\t\t\t\t\t\t<\/div>","protected":false},"excerpt":{"rendered":"<p>LIFE K\u00ebtu p\u00ebrfshihen t\u00eb gjitha fotot q\u00eb kan\u00eb t\u00eb b\u00ebjn\u00eb me prezantimin e nj\u00eb stili, ato t\u00eb mod\u00ebs, t\u00eb objekteve, produkteve, njer\u00ebzve, dasmave etj. Fotografit\u00eb duhet t\u00eb jen\u00eb b\u00ebr\u00eb n\u00eb periudhen kohore 2022 \u2013 2025. Jan\u00eb t\u00eb pranueshme p\u00ebrmir\u00ebsimet e m\u00ebposhtme t\u00eb fotografis\u00eb: prerja, ndryshimet e kontrastit dhe ekspozimit, korrigjimi i ngjyrave, desaturimi, HDR, p\u00ebrzierja [&hellip;]<\/p>","protected":false},"author":1,"featured_media":2530,"parent":0,"menu_order":0,"comment_status":"closed","ping_status":"closed","template":"template-landing.php","meta":[],"acf":[],"_links":{"self":[{"href":"https:\/\/www.fokusaward.com\/en\/wp-json\/wp\/v2\/pages\/3642"}],"collection":[{"href":"https:\/\/www.fokusaward.com\/en\/wp-json\/wp\/v2\/pages"}],"about":[{"href":"https:\/\/www.fokusaward.com\/en\/wp-json\/wp\/v2\/types\/page"}],"author":[{"embeddable":true,"href":"https:\/\/www.fokusaward.com\/en\/wp-json\/wp\/v2\/users\/1"}],"replies":[{"embeddable":true,"href":"https:\/\/www.fokusaward.com\/en\/wp-json\/wp\/v2\/comments?post=3642"}],"version-history":[{"count":25,"href":"https:\/\/www.fokusaward.com\/en\/wp-json\/wp\/v2\/pages\/3642\/revisions"}],"predecessor-version":[{"id":7510,"href":"https:\/\/www.fokusaward.com\/en\/wp-json\/wp\/v2\/pages\/3642\/revisions\/7510"}],"wp:featuredmedia":[{"embeddable":true,"href":"https:\/\/www.fokusaward.com\/en\/wp-json\/wp\/v2\/media\/2530"}],"wp:attachment":[{"href":"https:\/\/www.fokusaward.com\/en\/wp-json\/wp\/v2\/media?parent=3642"}],"curies":[{"name":"wp","href":"https:\/\/api.w.org\/{rel}","templated":true}]}}