{"id":3432,"date":"2022-05-14T13:40:13","date_gmt":"2022-05-14T13:40:13","guid":{"rendered":"https:\/\/www.fokusaward.com\/?page_id=3432"},"modified":"2022-05-14T23:35:11","modified_gmt":"2022-05-14T23:35:11","slug":"fashion-life-style","status":"publish","type":"page","link":"https:\/\/www.fokusaward.com\/en\/fashion-life-style\/","title":{"rendered":"FASHION &#038; LIFE STYLE"},"content":{"rendered":"<div data-elementor-type=\"wp-page\" data-elementor-id=\"3432\" class=\"elementor elementor-3432\">\n\t\t\t\t\t\t\t\t\t<section class=\"elementor-section elementor-top-section elementor-element elementor-element-2edb5abe elementor-section-boxed elementor-section-height-default elementor-section-height-default\" data-id=\"2edb5abe\" data-element_type=\"section\">\n\t\t\t\t\t\t<div class=\"elementor-container elementor-column-gap-default\">\n\t\t\t\t\t<div class=\"elementor-column elementor-col-50 elementor-top-column elementor-element elementor-element-4ffb4c94\" data-id=\"4ffb4c94\" data-element_type=\"column\" data-settings=\"{&quot;background_background&quot;:&quot;classic&quot;}\">\n\t\t\t<div class=\"elementor-widget-wrap elementor-element-populated\">\n\t\t\t\t\t\t\t\t<div class=\"elementor-element elementor-element-b471b0c elementor-widget elementor-widget-image\" data-id=\"b471b0c\" data-element_type=\"widget\" data-widget_type=\"image.default\">\n\t\t\t\t<div class=\"elementor-widget-container\">\n\t\t\t<style>\/*! elementor - v3.6.7 - 03-07-2022 *\/\n.elementor-widget-image{text-align:center}.elementor-widget-image a{display:inline-block}.elementor-widget-image a img[src$=\".svg\"]{width:48px}.elementor-widget-image img{vertical-align:middle;display:inline-block}<\/style>\t\t\t\t\t\t\t\t\t\t\t\t<img decoding=\"async\" width=\"803\" height=\"535\" src=\"https:\/\/www.fokusaward.com\/wp-content\/uploads\/2022\/05\/WhatsApp-Image-2022-05-14-at-9.05.04-PM.jpeg\" class=\"attachment-large size-large\" alt=\"\" loading=\"lazy\" srcset=\"https:\/\/www.fokusaward.com\/wp-content\/uploads\/2022\/05\/WhatsApp-Image-2022-05-14-at-9.05.04-PM.jpeg 803w, https:\/\/www.fokusaward.com\/wp-content\/uploads\/2022\/05\/WhatsApp-Image-2022-05-14-at-9.05.04-PM-300x200.jpeg 300w, https:\/\/www.fokusaward.com\/wp-content\/uploads\/2022\/05\/WhatsApp-Image-2022-05-14-at-9.05.04-PM-18x12.jpeg 18w, https:\/\/www.fokusaward.com\/wp-content\/uploads\/2022\/05\/WhatsApp-Image-2022-05-14-at-9.05.04-PM-70x47.jpeg 70w, https:\/\/www.fokusaward.com\/wp-content\/uploads\/2022\/05\/WhatsApp-Image-2022-05-14-at-9.05.04-PM-300x200@2x.jpeg 600w\" sizes=\"(max-width: 803px) 100vw, 803px\" \/>\t\t\t\t\t\t\t\t\t\t\t\t\t\t\t<\/div>\n\t\t\t\t<\/div>\n\t\t\t\t\t<\/div>\n\t\t<\/div>\n\t\t\t\t<div class=\"elementor-column elementor-col-50 elementor-top-column elementor-element elementor-element-1dff58cc\" data-id=\"1dff58cc\" data-element_type=\"column\" data-settings=\"{&quot;background_background&quot;:&quot;classic&quot;}\">\n\t\t\t<div class=\"elementor-widget-wrap elementor-element-populated\">\n\t\t\t\t\t\t\t\t<div class=\"elementor-element elementor-element-737ed5b5 elementor-widget elementor-widget-yprm_heading\" data-id=\"737ed5b5\" data-element_type=\"widget\" data-widget_type=\"yprm_heading.default\">\n\t\t\t\t<div class=\"elementor-widget-container\">\n\t\t\t\t\t\t<div class=\"heading-block with-line tal\">\n\t\t\t\t                  <h3 class=\"h\">FASHION &amp; LIFE STYLE<\/h3>\n        \t\t\t<\/div>\n      \t\t\t\t<\/div>\n\t\t\t\t<\/div>\n\t\t\t\t<div class=\"elementor-element elementor-element-7542b32b elementor-widget elementor-widget-text-editor\" data-id=\"7542b32b\" data-element_type=\"widget\" data-widget_type=\"text-editor.default\">\n\t\t\t\t<div class=\"elementor-widget-container\">\n\t\t\t<style>\/*! elementor - v3.6.7 - 03-07-2022 *\/\n.elementor-widget-text-editor.elementor-drop-cap-view-stacked .elementor-drop-cap{background-color:#818a91;color:#fff}.elementor-widget-text-editor.elementor-drop-cap-view-framed .elementor-drop-cap{color:#818a91;border:3px solid;background-color:transparent}.elementor-widget-text-editor:not(.elementor-drop-cap-view-default) .elementor-drop-cap{margin-top:8px}.elementor-widget-text-editor:not(.elementor-drop-cap-view-default) .elementor-drop-cap-letter{width:1em;height:1em}.elementor-widget-text-editor .elementor-drop-cap{float:left;text-align:center;line-height:1;font-size:50px}.elementor-widget-text-editor .elementor-drop-cap-letter{display:inline-block}<\/style>\t\t\t\t<span style=\"font-size: 21px;\">This category includes all pictures related to style and fashion \u2013 of people, objects and products. \nPicture accepted should have been taken between 2020 \u2013 2022; No editing restrains.\n<\/span>\t\t\t\t\t\t<\/div>\n\t\t\t\t<\/div>\n\t\t\t\t\t<\/div>\n\t\t<\/div>\n\t\t\t\t\t\t\t<\/div>\n\t\t<\/section>\n\t\t\t\t\t\t\t<\/div>","protected":false},"excerpt":{"rendered":"<p>FASHION &amp; LIFE STYLE K\u00ebtu p\u00ebrfshihen t\u00eb gjitha fotot q\u00eb kan\u00eb t\u00eb b\u00ebjn\u00eb me prezantimin e nj\u00eb stili, ato t\u00eb mod\u00ebs, t\u00eb objekteve, produkteve, njer\u00ebzve etj. Fotografit\u00eb duhet t\u00eb jen\u00eb b\u00ebr\u00eb n\u00eb periudhen kohore 2020 \u2013 2022. Nuk ka kufizime editimi.<\/p>","protected":false},"author":1,"featured_media":0,"parent":0,"menu_order":0,"comment_status":"closed","ping_status":"closed","template":"template-landing.php","meta":[],"acf":[],"_links":{"self":[{"href":"https:\/\/www.fokusaward.com\/en\/wp-json\/wp\/v2\/pages\/3432"}],"collection":[{"href":"https:\/\/www.fokusaward.com\/en\/wp-json\/wp\/v2\/pages"}],"about":[{"href":"https:\/\/www.fokusaward.com\/en\/wp-json\/wp\/v2\/types\/page"}],"author":[{"embeddable":true,"href":"https:\/\/www.fokusaward.com\/en\/wp-json\/wp\/v2\/users\/1"}],"replies":[{"embeddable":true,"href":"https:\/\/www.fokusaward.com\/en\/wp-json\/wp\/v2\/comments?post=3432"}],"version-history":[{"count":10,"href":"https:\/\/www.fokusaward.com\/en\/wp-json\/wp\/v2\/pages\/3432\/revisions"}],"predecessor-version":[{"id":3561,"href":"https:\/\/www.fokusaward.com\/en\/wp-json\/wp\/v2\/pages\/3432\/revisions\/3561"}],"wp:attachment":[{"href":"https:\/\/www.fokusaward.com\/en\/wp-json\/wp\/v2\/media?parent=3432"}],"curies":[{"name":"wp","href":"https:\/\/api.w.org\/{rel}","templated":true}]}}