{"id":3411,"date":"2022-05-14T13:31:07","date_gmt":"2022-05-14T13:31:07","guid":{"rendered":"https:\/\/www.fokusaward.com\/?page_id=3411"},"modified":"2025-06-04T09:03:57","modified_gmt":"2025-06-04T09:03:57","slug":"nature","status":"publish","type":"page","link":"https:\/\/www.fokusaward.com\/en\/nature\/","title":{"rendered":"Nature"},"content":{"rendered":"<div data-elementor-type=\"wp-page\" data-elementor-id=\"3411\" class=\"elementor elementor-3411\">\n\t\t\t\t\t\t\t\t\t<section class=\"elementor-section elementor-top-section elementor-element elementor-element-2edb5abe elementor-section-boxed elementor-section-height-default elementor-section-height-default\" data-id=\"2edb5abe\" data-element_type=\"section\">\n\t\t\t\t\t\t<div class=\"elementor-container elementor-column-gap-default\">\n\t\t\t\t\t<div class=\"elementor-column elementor-col-50 elementor-top-column elementor-element elementor-element-4ffb4c94\" data-id=\"4ffb4c94\" data-element_type=\"column\" data-settings=\"{&quot;background_background&quot;:&quot;classic&quot;}\">\n\t\t\t<div class=\"elementor-widget-wrap elementor-element-populated\">\n\t\t\t\t\t\t\t\t<div class=\"elementor-element elementor-element-5693df82 elementor-widget elementor-widget-spacer\" data-id=\"5693df82\" data-element_type=\"widget\" data-widget_type=\"spacer.default\">\n\t\t\t\t<div class=\"elementor-widget-container\">\n\t\t\t<style>\/*! elementor - v3.6.7 - 03-07-2022 *\/\n.e-container.e-container--row .elementor-spacer-inner{width:var(--spacer-size)}.e-container.e-container--column .elementor-spacer-inner,.elementor-column .elementor-spacer-inner{height:var(--spacer-size)}<\/style>\t\t<div class=\"elementor-spacer\">\n\t\t\t<div class=\"elementor-spacer-inner\"><\/div>\n\t\t<\/div>\n\t\t\t\t<\/div>\n\t\t\t\t<\/div>\n\t\t\t\t\t<\/div>\n\t\t<\/div>\n\t\t\t\t<div class=\"elementor-column elementor-col-50 elementor-top-column elementor-element elementor-element-1dff58cc\" data-id=\"1dff58cc\" data-element_type=\"column\" data-settings=\"{&quot;background_background&quot;:&quot;classic&quot;}\">\n\t\t\t<div class=\"elementor-widget-wrap elementor-element-populated\">\n\t\t\t\t\t\t\t\t<div class=\"elementor-element elementor-element-737ed5b5 elementor-widget elementor-widget-yprm_heading\" data-id=\"737ed5b5\" data-element_type=\"widget\" data-widget_type=\"yprm_heading.default\">\n\t\t\t\t<div class=\"elementor-widget-container\">\n\t\t\t\t\t\t<div class=\"heading-block with-line tal\">\n\t\t\t\t                  <h3 class=\"h\">Land<\/h3>\n        \t\t\t<\/div>\n      \t\t\t\t<\/div>\n\t\t\t\t<\/div>\n\t\t\t\t<div class=\"elementor-element elementor-element-7542b32b elementor-widget elementor-widget-text-editor\" data-id=\"7542b32b\" data-element_type=\"widget\" data-widget_type=\"text-editor.default\">\n\t\t\t\t<div class=\"elementor-widget-container\">\n\t\t\t<style>\/*! elementor - v3.6.7 - 03-07-2022 *\/\n.elementor-widget-text-editor.elementor-drop-cap-view-stacked .elementor-drop-cap{background-color:#818a91;color:#fff}.elementor-widget-text-editor.elementor-drop-cap-view-framed .elementor-drop-cap{color:#818a91;border:3px solid;background-color:transparent}.elementor-widget-text-editor:not(.elementor-drop-cap-view-default) .elementor-drop-cap{margin-top:8px}.elementor-widget-text-editor:not(.elementor-drop-cap-view-default) .elementor-drop-cap-letter{width:1em;height:1em}.elementor-widget-text-editor .elementor-drop-cap{float:left;text-align:center;line-height:1;font-size:50px}.elementor-widget-text-editor .elementor-drop-cap-letter{display:inline-block}<\/style>\t\t\t\t<p class=\" translation-block\">This category includes all photos of landscape, animals, plants and natural processes. Buildings and people may be included that, by their purpose and position, fit into the landscape but do not dominate the photograph. This category also includes photos that emphasize the issue of protection and preservation of the natural environment through aesthetics and the underlying message.\n\nPhotos must have been taken in the time period 2022 \u2013 2025. The following photo enhancements are acceptable: cropping, contrast and exposure changes, color correction, desaturation, HDR, mixing two or three frames into one, but from the same country and same time frame. Not acceptable: Importing elements from other photos, or from the same scene on another day, or using any other technique that is not mentioned in the list of allowed interventions. Photographs created by artificial intelligence are prohibited. \n\n<strong>You can only apply with one photo for this category.<\/strong><\/p>\t\t\t\t\t\t<\/div>\n\t\t\t\t<\/div>\n\t\t\t\t<div class=\"elementor-element elementor-element-9db4df1 elementor-button-info elementor-align-center elementor-widget elementor-widget-button\" data-id=\"9db4df1\" data-element_type=\"widget\" data-widget_type=\"button.default\">\n\t\t\t\t<div class=\"elementor-widget-container\">\n\t\t\t\t\t<div class=\"elementor-button-wrapper\">\n\t\t\t<a href=\"https:\/\/www.fokusaward.com\/en\/submit\/\" class=\"elementor-button-link elementor-button elementor-size-sm\" role=\"button\">\n\t\t\t\t\t\t<span class=\"elementor-button-content-wrapper\">\n\t\t\t\t\t\t<span class=\"elementor-button-text\">CLICK HERE TO APPLY<\/span>\n\t\t<\/span>\n\t\t\t\t\t<\/a>\n\t\t<\/div>\n\t\t\t\t<\/div>\n\t\t\t\t<\/div>\n\t\t\t\t\t<\/div>\n\t\t<\/div>\n\t\t\t\t\t\t\t<\/div>\n\t\t<\/section>\n\t\t\t\t\t\t\t<\/div>","protected":false},"excerpt":{"rendered":"<p>Land Kjo kategori p\u00ebrfshin t\u00eb gjitha fotot e peisazhit, kafsh\u00ebve, bim\u00ebve dhe proceseve natyrore. Mund t\u00eb p\u00ebrfshihen nd\u00ebrtesa dhe njer\u00ebz q\u00eb, me q\u00ebllimin dhe pozicionin e tyre, p\u00ebrshtaten me peizazhin, por nuk dominojn\u00eb fotografin\u00eb. N\u00eb k\u00ebt\u00eb kategori p\u00ebrfshihen edhe fotot t\u00eb cilat p\u00ebrmes estetik\u00ebs dhe mesazhit n\u00eb themel t\u00eb tyre theksojn\u00eb \u00e7\u00ebshtjen e mbrojtjes dhe [&hellip;]<\/p>","protected":false},"author":1,"featured_media":0,"parent":0,"menu_order":0,"comment_status":"closed","ping_status":"closed","template":"template-landing.php","meta":[],"acf":[],"_links":{"self":[{"href":"https:\/\/www.fokusaward.com\/en\/wp-json\/wp\/v2\/pages\/3411"}],"collection":[{"href":"https:\/\/www.fokusaward.com\/en\/wp-json\/wp\/v2\/pages"}],"about":[{"href":"https:\/\/www.fokusaward.com\/en\/wp-json\/wp\/v2\/types\/page"}],"author":[{"embeddable":true,"href":"https:\/\/www.fokusaward.com\/en\/wp-json\/wp\/v2\/users\/1"}],"replies":[{"embeddable":true,"href":"https:\/\/www.fokusaward.com\/en\/wp-json\/wp\/v2\/comments?post=3411"}],"version-history":[{"count":26,"href":"https:\/\/www.fokusaward.com\/en\/wp-json\/wp\/v2\/pages\/3411\/revisions"}],"predecessor-version":[{"id":7487,"href":"https:\/\/www.fokusaward.com\/en\/wp-json\/wp\/v2\/pages\/3411\/revisions\/7487"}],"wp:attachment":[{"href":"https:\/\/www.fokusaward.com\/en\/wp-json\/wp\/v2\/media?parent=3411"}],"curies":[{"name":"wp","href":"https:\/\/api.w.org\/{rel}","templated":true}]}}