{"id":2593,"date":"2021-06-10T14:14:28","date_gmt":"2021-06-10T14:14:28","guid":{"rendered":"https:\/\/www.fokusaward.com\/about-me-2\/"},"modified":"2025-06-04T09:06:43","modified_gmt":"2025-06-04T09:06:43","slug":"news-and-press-2","status":"publish","type":"page","link":"https:\/\/www.fokusaward.com\/en\/news-and-press-2\/","title":{"rendered":"News and Press"},"content":{"rendered":"<div data-elementor-type=\"wp-page\" data-elementor-id=\"2593\" class=\"elementor elementor-2593\">\n\t\t\t\t\t\t\t\t\t<section class=\"elementor-section elementor-top-section elementor-element elementor-element-2edb5abe elementor-section-boxed elementor-section-height-default elementor-section-height-default\" data-id=\"2edb5abe\" data-element_type=\"section\">\n\t\t\t\t\t\t<div class=\"elementor-container elementor-column-gap-default\">\n\t\t\t\t\t<div class=\"elementor-column elementor-col-50 elementor-top-column elementor-element elementor-element-4ffb4c94\" data-id=\"4ffb4c94\" data-element_type=\"column\" data-settings=\"{&quot;background_background&quot;:&quot;classic&quot;}\">\n\t\t\t<div class=\"elementor-widget-wrap elementor-element-populated\">\n\t\t\t\t\t\t\t\t<div class=\"elementor-element elementor-element-5693df82 elementor-widget elementor-widget-spacer\" data-id=\"5693df82\" data-element_type=\"widget\" data-widget_type=\"spacer.default\">\n\t\t\t\t<div class=\"elementor-widget-container\">\n\t\t\t<style>\/*! elementor - v3.6.7 - 03-07-2022 *\/\n.e-container.e-container--row .elementor-spacer-inner{width:var(--spacer-size)}.e-container.e-container--column .elementor-spacer-inner,.elementor-column .elementor-spacer-inner{height:var(--spacer-size)}<\/style>\t\t<div class=\"elementor-spacer\">\n\t\t\t<div class=\"elementor-spacer-inner\"><\/div>\n\t\t<\/div>\n\t\t\t\t<\/div>\n\t\t\t\t<\/div>\n\t\t\t\t\t<\/div>\n\t\t<\/div>\n\t\t\t\t<div class=\"elementor-column elementor-col-50 elementor-top-column elementor-element elementor-element-1dff58cc\" data-id=\"1dff58cc\" data-element_type=\"column\" data-settings=\"{&quot;background_background&quot;:&quot;classic&quot;}\">\n\t\t\t<div class=\"elementor-widget-wrap elementor-element-populated\">\n\t\t\t\t\t\t\t\t<div class=\"elementor-element elementor-element-737ed5b5 elementor-widget elementor-widget-yprm_heading\" data-id=\"737ed5b5\" data-element_type=\"widget\" data-widget_type=\"yprm_heading.default\">\n\t\t\t\t<div class=\"elementor-widget-container\">\n\t\t\t\t\t\t<div class=\"heading-block with-line tal\">\n\t\t\t\t                  <h3 class=\"h\">News &amp; Press<\/h3>\n        \t\t\t<\/div>\n      \t\t\t\t<\/div>\n\t\t\t\t<\/div>\n\t\t\t\t<div class=\"elementor-element elementor-element-7542b32b elementor-widget elementor-widget-text-editor\" data-id=\"7542b32b\" data-element_type=\"widget\" data-widget_type=\"text-editor.default\">\n\t\t\t\t<div class=\"elementor-widget-container\">\n\t\t\t<style>\/*! elementor - v3.6.7 - 03-07-2022 *\/\n.elementor-widget-text-editor.elementor-drop-cap-view-stacked .elementor-drop-cap{background-color:#818a91;color:#fff}.elementor-widget-text-editor.elementor-drop-cap-view-framed .elementor-drop-cap{color:#818a91;border:3px solid;background-color:transparent}.elementor-widget-text-editor:not(.elementor-drop-cap-view-default) .elementor-drop-cap{margin-top:8px}.elementor-widget-text-editor:not(.elementor-drop-cap-view-default) .elementor-drop-cap-letter{width:1em;height:1em}.elementor-widget-text-editor .elementor-drop-cap{float:left;text-align:center;line-height:1;font-size:50px}.elementor-widget-text-editor .elementor-drop-cap-letter{display:inline-block}<\/style>\t\t\t\t<p><span style=\"font-size: 19px;\">Objective of this category is to identify and recognize a picture which holds best informative and social value. This category includes all pictures taken in news-worthy events, sports, pictures that hold a social meaning produced by media professionals. Picture in this category should also have a short-written explanation of the context the picture is taken.<\/span><\/p>\n<p><span style=\"font-size: 19px;\">Photos must have been taken in the time period 2022 \u2013 2025. The following photo enhancements are acceptable: cropping, contrast and exposure changes, color correction, desaturation, HDR, mixing two or three frames into one, but from the same country and same time frame. Not acceptable: Importing elements from other photos, or from the same scene on another day, or using any other technique that is not mentioned in the list of allowed interventions. Photographs created by artificial intelligence are prohibited. You can only apply with one photo for this category.<\/span><\/p><p><span style=\"font-size: 19px;\">In the application process, the event must be specified by providing the date, location, and a description of it.<\/span><\/p>\n<p><\/p>\n<p><span style=\"font-size: 19px;\"><strong>The winner wins 1000 euro<\/strong><\/span><\/p>\t\t\t\t\t\t<\/div>\n\t\t\t\t<\/div>\n\t\t\t\t<div class=\"elementor-element elementor-element-3f1cd7a elementor-button-info elementor-align-center elementor-widget elementor-widget-button\" data-id=\"3f1cd7a\" data-element_type=\"widget\" data-widget_type=\"button.default\">\n\t\t\t\t<div class=\"elementor-widget-container\">\n\t\t\t\t\t<div class=\"elementor-button-wrapper\">\n\t\t\t<a href=\"https:\/\/www.fokusaward.com\/en\/submit\/\" class=\"elementor-button-link elementor-button elementor-size-sm\" role=\"button\">\n\t\t\t\t\t\t<span class=\"elementor-button-content-wrapper\">\n\t\t\t\t\t\t<span class=\"elementor-button-text\">CLICK HERE TO APPLY<\/span>\n\t\t<\/span>\n\t\t\t\t\t<\/a>\n\t\t<\/div>\n\t\t\t\t<\/div>\n\t\t\t\t<\/div>\n\t\t\t\t\t<\/div>\n\t\t<\/div>\n\t\t\t\t\t\t\t<\/div>\n\t\t<\/section>\n\t\t\t\t\t\t\t<\/div>","protected":false},"excerpt":{"rendered":"<p>News &amp; Press Objektivi i k\u00ebsaj kategorie \u00ebsht\u00eb t\u00eb paraqes\u00eb nj\u00eb vler\u00eb informative dhe dokumentare. Kategoria p\u00ebrfshin t\u00eb gjitha fotot nga ngjarjet, portreti n\u00eb ngjarje, aksionin, sportet, fotot me mesazh social dhe fotot q\u00eb jan\u00eb realizuar p\u00ebr q\u00ebllime ilustrimi t\u00eb p\u00ebrmbajtjes mediatike. Nj\u00eb fotografi n\u00eb k\u00ebt\u00eb kategori duhet t\u00eb p\u00ebrfshij\u00eb nj\u00eb p\u00ebrshkrim t\u00eb shkurt\u00ebr dhe [&hellip;]<\/p>","protected":false},"author":1,"featured_media":0,"parent":0,"menu_order":0,"comment_status":"closed","ping_status":"closed","template":"template-landing.php","meta":[],"acf":[],"_links":{"self":[{"href":"https:\/\/www.fokusaward.com\/en\/wp-json\/wp\/v2\/pages\/2593"}],"collection":[{"href":"https:\/\/www.fokusaward.com\/en\/wp-json\/wp\/v2\/pages"}],"about":[{"href":"https:\/\/www.fokusaward.com\/en\/wp-json\/wp\/v2\/types\/page"}],"author":[{"embeddable":true,"href":"https:\/\/www.fokusaward.com\/en\/wp-json\/wp\/v2\/users\/1"}],"replies":[{"embeddable":true,"href":"https:\/\/www.fokusaward.com\/en\/wp-json\/wp\/v2\/comments?post=2593"}],"version-history":[{"count":26,"href":"https:\/\/www.fokusaward.com\/en\/wp-json\/wp\/v2\/pages\/2593\/revisions"}],"predecessor-version":[{"id":7491,"href":"https:\/\/www.fokusaward.com\/en\/wp-json\/wp\/v2\/pages\/2593\/revisions\/7491"}],"wp:attachment":[{"href":"https:\/\/www.fokusaward.com\/en\/wp-json\/wp\/v2\/media?parent=2593"}],"curies":[{"name":"wp","href":"https:\/\/api.w.org\/{rel}","templated":true}]}}