{"id":1833,"date":"2018-07-01T16:35:49","date_gmt":"2018-07-01T16:35:49","guid":{"rendered":"http:\/\/www.fokusaward.com\/?page_id=1833"},"modified":"2025-06-02T12:55:55","modified_gmt":"2025-06-02T12:55:55","slug":"about-us","status":"publish","type":"page","link":"https:\/\/www.fokusaward.com\/en\/about-us\/","title":{"rendered":"About Us"},"content":{"rendered":"<div data-elementor-type=\"wp-page\" data-elementor-id=\"1833\" class=\"elementor elementor-1833\">\n\t\t\t\t\t\t\t\t\t<section class=\"elementor-section elementor-top-section elementor-element elementor-element-e44fd97 elementor-section-boxed elementor-section-height-default elementor-section-height-default\" data-id=\"e44fd97\" data-element_type=\"section\">\n\t\t\t\t\t\t<div class=\"elementor-container elementor-column-gap-default\">\n\t\t\t\t\t<div class=\"elementor-column elementor-col-100 elementor-top-column elementor-element elementor-element-f443e05\" data-id=\"f443e05\" data-element_type=\"column\">\n\t\t\t<div class=\"elementor-widget-wrap elementor-element-populated\">\n\t\t\t\t\t\t\t\t<div class=\"elementor-element elementor-element-4c97068 elementor-widget elementor-widget-yprm_heading\" data-id=\"4c97068\" data-element_type=\"widget\" data-widget_type=\"yprm_heading.default\">\n\t\t\t\t<div class=\"elementor-widget-container\">\n\t\t\t\t\t\t<div class=\"heading-block with-line tal\">\n\t\t\t\t                  <h2 class=\"h\">About FOKUS <span>AWARDS<\/span><\/h2>\n        \t\t\t<\/div>\n      \t\t\t\t<\/div>\n\t\t\t\t<\/div>\n\t\t\t\t<div class=\"elementor-element elementor-element-8b568f6 elementor-widget elementor-widget-image\" data-id=\"8b568f6\" data-element_type=\"widget\" data-widget_type=\"image.default\">\n\t\t\t\t<div class=\"elementor-widget-container\">\n\t\t\t<style>\/*! elementor - v3.6.7 - 03-07-2022 *\/\n.elementor-widget-image{text-align:center}.elementor-widget-image a{display:inline-block}.elementor-widget-image a img[src$=\".svg\"]{width:48px}.elementor-widget-image img{vertical-align:middle;display:inline-block}<\/style>\t\t\t\t\t\t\t\t\t\t\t\t<img decoding=\"async\" width=\"1024\" height=\"378\" src=\"https:\/\/www.fokusaward.com\/wp-content\/uploads\/2022\/05\/243880684_369627817942919_6616652305195942692_n-1024x378.jpg\" class=\"attachment-large size-large\" alt=\"\" loading=\"lazy\" srcset=\"https:\/\/www.fokusaward.com\/wp-content\/uploads\/2022\/05\/243880684_369627817942919_6616652305195942692_n-1024x378.jpg 1024w, https:\/\/www.fokusaward.com\/wp-content\/uploads\/2022\/05\/243880684_369627817942919_6616652305195942692_n-300x111.jpg 300w, https:\/\/www.fokusaward.com\/wp-content\/uploads\/2022\/05\/243880684_369627817942919_6616652305195942692_n-70x26.jpg 70w, https:\/\/www.fokusaward.com\/wp-content\/uploads\/2022\/05\/243880684_369627817942919_6616652305195942692_n.jpg 1280w, https:\/\/www.fokusaward.com\/wp-content\/uploads\/2022\/05\/243880684_369627817942919_6616652305195942692_n-300x111@2x.jpg 600w\" sizes=\"(max-width: 1024px) 100vw, 1024px\" \/>\t\t\t\t\t\t\t\t\t\t\t\t\t\t\t<\/div>\n\t\t\t\t<\/div>\n\t\t\t\t\t<\/div>\n\t\t<\/div>\n\t\t\t\t\t\t\t<\/div>\n\t\t<\/section>\n\t\t\t\t<section class=\"elementor-section elementor-top-section elementor-element elementor-element-72cb5ff elementor-section-boxed elementor-section-height-default elementor-section-height-default\" data-id=\"72cb5ff\" data-element_type=\"section\" data-settings=\"{&quot;background_background&quot;:&quot;classic&quot;}\">\n\t\t\t\t\t\t<div class=\"elementor-container elementor-column-gap-default\">\n\t\t\t\t\t<div class=\"elementor-column elementor-col-100 elementor-top-column elementor-element elementor-element-a0e5023\" data-id=\"a0e5023\" data-element_type=\"column\" data-settings=\"{&quot;background_background&quot;:&quot;classic&quot;}\">\n\t\t\t<div class=\"elementor-widget-wrap elementor-element-populated\">\n\t\t\t\t\t\t\t\t<div class=\"elementor-element elementor-element-6f51ed0 elementor-widget elementor-widget-text-editor\" data-id=\"6f51ed0\" data-element_type=\"widget\" data-widget_type=\"text-editor.default\">\n\t\t\t\t<div class=\"elementor-widget-container\">\n\t\t\t<style>\/*! elementor - v3.6.7 - 03-07-2022 *\/\n.elementor-widget-text-editor.elementor-drop-cap-view-stacked .elementor-drop-cap{background-color:#818a91;color:#fff}.elementor-widget-text-editor.elementor-drop-cap-view-framed .elementor-drop-cap{color:#818a91;border:3px solid;background-color:transparent}.elementor-widget-text-editor:not(.elementor-drop-cap-view-default) .elementor-drop-cap{margin-top:8px}.elementor-widget-text-editor:not(.elementor-drop-cap-view-default) .elementor-drop-cap-letter{width:1em;height:1em}.elementor-widget-text-editor .elementor-drop-cap{float:left;text-align:center;line-height:1;font-size:50px}.elementor-widget-text-editor .elementor-drop-cap-letter{display:inline-block}<\/style>\t\t\t\t<p><span style=\"font-size: 24px;\">Focus is an international event dedicated to Art Photography and the values it conveys in the vast field of visual arts. Rooted in the tradition on Albanian Photography, but always following the international experience.<br \/>Also, it aims to increase the quality, competition, as well as promote positive dialogue on photography, based on the experience of various art schools around the world. With a modest start in 2006, from a group of enthusiasts passionate about photography, we have managed to bring Focus to a high artistic level, not only in the Balkans, but also beyond.<br \/>In fact, this is best demonstrated by the participation of many photographs from all over the world. The role of organizers has always been and will remain only collecting photos and submitting them to an international jury, which will then decide on their assessment.<\/span><\/p>\t\t\t\t\t\t<\/div>\n\t\t\t\t<\/div>\n\t\t\t\t\t<\/div>\n\t\t<\/div>\n\t\t\t\t\t\t\t<\/div>\n\t\t<\/section>\n\t\t\t\t<section class=\"elementor-section elementor-top-section elementor-element elementor-element-846c5b4 elementor-section-boxed elementor-section-height-default elementor-section-height-default\" data-id=\"846c5b4\" data-element_type=\"section\" data-settings=\"{&quot;background_background&quot;:&quot;classic&quot;}\">\n\t\t\t\t\t\t<div class=\"elementor-container elementor-column-gap-default\">\n\t\t\t\t\t<div class=\"elementor-column elementor-col-100 elementor-top-column elementor-element elementor-element-c78b522\" data-id=\"c78b522\" data-element_type=\"column\">\n\t\t\t<div class=\"elementor-widget-wrap elementor-element-populated\">\n\t\t\t\t\t\t\t\t<div class=\"elementor-element elementor-element-d68e812 elementor-widget elementor-widget-yprm_heading\" data-id=\"d68e812\" data-element_type=\"widget\" data-widget_type=\"yprm_heading.default\">\n\t\t\t\t<div class=\"elementor-widget-container\">\n\t\t\t\t\t\t<div class=\"heading-block with-line tac\">\n\t\t\t\t                  <h3 class=\"h\">Organizers and Partners<\/h3>\n        \t\t\t<\/div>\n      \t\t\t\t<\/div>\n\t\t\t\t<\/div>\n\t\t\t\t<div class=\"elementor-element elementor-element-819dc12 elementor-widget elementor-widget-image\" data-id=\"819dc12\" data-element_type=\"widget\" data-widget_type=\"image.default\">\n\t\t\t\t<div class=\"elementor-widget-container\">\n\t\t\t\t\t\t\t\t\t\t\t\t\t\t\t<img decoding=\"async\" width=\"1024\" height=\"446\" src=\"https:\/\/www.fokusaward.com\/wp-content\/uploads\/2025\/06\/lOGO-2025.png\" class=\"attachment-large size-large\" alt=\"\" loading=\"lazy\" srcset=\"https:\/\/www.fokusaward.com\/wp-content\/uploads\/2025\/06\/lOGO-2025.png 1024w, https:\/\/www.fokusaward.com\/wp-content\/uploads\/2025\/06\/lOGO-2025-300x131.png 300w, https:\/\/www.fokusaward.com\/wp-content\/uploads\/2025\/06\/lOGO-2025-18x8.png 18w, https:\/\/www.fokusaward.com\/wp-content\/uploads\/2025\/06\/lOGO-2025-70x30.png 70w, https:\/\/www.fokusaward.com\/wp-content\/uploads\/2025\/06\/lOGO-2025-300x131@2x.png 600w\" sizes=\"(max-width: 1024px) 100vw, 1024px\" \/>\t\t\t\t\t\t\t\t\t\t\t\t\t\t\t<\/div>\n\t\t\t\t<\/div>\n\t\t\t\t\t<\/div>\n\t\t<\/div>\n\t\t\t\t\t\t\t<\/div>\n\t\t<\/section>\n\t\t\t\t\t\t\t<\/div>","protected":false},"excerpt":{"rendered":"<p>Rreth FOKUS AWARDS Fokus \u00ebsht\u00eb nj\u00eb aktivitet Nd\u00ebrkomb\u00ebtar kushtuar Fotografis\u00eb Artistike dhe vlerave q\u00eb ajo p\u00ebrcjell\u00eb n\u00eb fush\u00ebn e madhe t\u00eb arteve pamore. P\u00ebr baz\u00eb kemi pasur tradit\u00ebn e Fotografis\u00eb Shqiptare, por gjithmon\u00eb duke ndjekur edhe eksperiencat nd\u00ebrkomb\u00ebtare.Gjithashtu, kemi tentuar n\u00eb rritjen e cil\u00ebsis\u00eb, konkurenc\u00ebs, si dhe nxitjes s\u00eb nj\u00eb dialogu pozitiv mbi fotografin\u00eb, bazuar [&hellip;]<\/p>","protected":false},"author":1,"featured_media":0,"parent":0,"menu_order":0,"comment_status":"closed","ping_status":"closed","template":"template-landing.php","meta":[],"acf":[],"_links":{"self":[{"href":"https:\/\/www.fokusaward.com\/en\/wp-json\/wp\/v2\/pages\/1833"}],"collection":[{"href":"https:\/\/www.fokusaward.com\/en\/wp-json\/wp\/v2\/pages"}],"about":[{"href":"https:\/\/www.fokusaward.com\/en\/wp-json\/wp\/v2\/types\/page"}],"author":[{"embeddable":true,"href":"https:\/\/www.fokusaward.com\/en\/wp-json\/wp\/v2\/users\/1"}],"replies":[{"embeddable":true,"href":"https:\/\/www.fokusaward.com\/en\/wp-json\/wp\/v2\/comments?post=1833"}],"version-history":[{"count":57,"href":"https:\/\/www.fokusaward.com\/en\/wp-json\/wp\/v2\/pages\/1833\/revisions"}],"predecessor-version":[{"id":7437,"href":"https:\/\/www.fokusaward.com\/en\/wp-json\/wp\/v2\/pages\/1833\/revisions\/7437"}],"wp:attachment":[{"href":"https:\/\/www.fokusaward.com\/en\/wp-json\/wp\/v2\/media?parent=1833"}],"curies":[{"name":"wp","href":"https:\/\/api.w.org\/{rel}","templated":true}]}}