{"id":1055,"date":"2018-06-17T23:41:22","date_gmt":"2018-06-17T23:41:22","guid":{"rendered":"http:\/\/www.fokus-al.com\/?page_id=1055"},"modified":"2021-06-23T10:20:02","modified_gmt":"2021-06-23T10:20:02","slug":"rules-of-contest","status":"publish","type":"page","link":"https:\/\/www.fokusaward.com\/en\/rules-of-contest\/","title":{"rendered":"Rules of Contest"},"content":{"rendered":"<div class=\"vc_row wpb_row vc_row-fluid vc_row-69f3917d2e0c2\"><div class=\"wpb_column vc_column_container vc_col-sm-6 vc_row-69f3917d2e93f\"><div class=\"vc_column-inner\"><div class=\"wpb_wrapper\">\n\t<div class=\"wpb_text_column wpb_content_element\" >\n\t\t<div class=\"wpb_wrapper\">\n\t\t\t<p><strong><span class=\"mceItemHidden\">&#8220;<span class=\"hiddenSpellError\">FOKUS<\/span>\u00a0AWARD 2020\u201d Announces Photography Contest<\/span><\/strong><\/p>\n<p><span class=\"mceItemHidden\"><span class=\"hiddenSpellError\">FOKUS<\/span>\u00a0is an International Annual Contest and Exhibition of Photography in Fier, Albania.<\/span><br \/>\n<span class=\"mceItemHidden\">Everyone can\u00a0take part\u00a0without age limitation.<\/span><br \/>\n<span class=\"mceItemHidden\">Maximum 3 photographs\u00a0<span class=\"hiddenGrammarError\">can be<\/span>\u00a0submitted. If selected, only 1 photograph will be accepted.<\/span><br \/>\nThe theme of the competition is: &#8220;Mono&#8221;.<br \/>\n<span class=\"mceItemHidden\">Photographs\u00a0<span class=\"hiddenGrammarError\">are emailed<\/span>\u00a0to:\u00a0<\/span><a href=\"mailto:info@fokusaward.com\">info@fokusaward.com<\/a>\u00a0through: www.wetransfer.com<br \/>\n<span class=\"mceItemHidden\">The submissions\u00a0<span class=\"hiddenGrammarError\">should be<\/span>\u00a0<span class=\"hiddenGrammarError\">high resolution<\/span>, enough to do\u00a0<span class=\"hiddenSpellError\">50x70cm<\/span>\u00a0large prints.<\/span><br \/>\n<span class=\"mceItemHidden\">Photographers should email\u00a0<span class=\"hiddenSuggestion\">additional<\/span>\u00a0information such as: name and surname, the titles of photographs, full mailing address and telephone number.<\/span><br \/>\n<span class=\"mceItemHidden\">Submitted photographs should not have been\u00a0<span class=\"hiddenSuggestion\">previously<\/span>\u00a0exposed.<\/span><br \/>\n<span class=\"mceItemHidden\">Photoshop manipulated photos\u00a0<span class=\"hiddenGrammarError\">will be rejected<\/span>.<\/span><\/p>\n<p><em>The deadline for submitting of photos is July 30 2021 at 24:00.<\/em><\/p>\n<p><strong>Evaluation and Selection<\/strong><\/p>\n<p><span class=\"mceItemHidden\">Photos\u00a0<span class=\"hiddenGrammarError\">will be evaluated<\/span>\u00a0and selected by the International Artistic Board.<\/span><\/p>\n<p><span class=\"mceItemHidden\"><span class=\"hiddenSpellError\">FOKUS<\/span> AWARD 2021 will award the most successful photos of the competition with:<\/span><\/p>\n<p><strong><span class=\"mceItemHidden\">Fokus Award (1-st Prize): 1000 <em>USD<\/em><\/span><\/strong><\/p>\n<p><span class=\"mceItemHidden\">Printing, framing, printing the catalog of <span class=\"hiddenSpellError\">FOKUS<\/span> AWARD 2021\u00a0<span class=\"hiddenGrammarError\">will be done<\/span>\u00a0by the organizers.<\/span><br \/>\nAll participating photographs hold full authors&#8217; copyright.<br \/>\n<span class=\"mceItemHidden\">Printed photographs for the exhibition\u00a0<span class=\"hiddenGrammarError\">will not be<\/span>\u00a0sent to authors.<\/span><br \/>\n<span class=\"mceItemHidden\">Organizers\u00a0keep\u00a0the right to use photographs to promote\u00a0<span class=\"hiddenSpellError\">FOKUS<\/span>\u00a0activities.<\/span><\/p>\n\n\t\t<\/div>\n\t<\/div>\n<\/div><\/div><\/div><div class=\"wpb_column vc_column_container vc_col-sm-6 vc_row-69f3917d2ee77\"><div class=\"vc_column-inner\"><div class=\"wpb_wrapper\">\n\t<div class=\"wpb_text_column wpb_content_element\" >\n\t\t<div class=\"wpb_wrapper\">\n\t\t\t<p><strong>\u201cFOKUS AWARD 2020\u201d shpall\u00a0 Konkursin e Fotografis\u00eb<\/strong><\/p>\n<p>\u201cFOKUS AWARD\u201d \u00ebsht\u00eb konkurs dhe ekspozit\u00eb nd\u00ebrkombetare vjetore e fotografis\u00eb artistike n\u00eb Shqip\u00ebri dhe organizohet n\u00eb qytetin e Fierit.<br \/>\nT\u00eb drejt\u00eb pjes\u00ebmarrjeje kan\u00eb t\u00eb gjith\u00eb, pa kufizim moshe.<br \/>\nKonkurohet maksimum me 3 fotografi. N\u00ebse p\u00ebrzgjidhet, pranohet vet\u00ebm 1 fotografi.<br \/>\nTema e konkursit \u00ebsht\u00eb: \u201cMono\u201d.<br \/>\nFotografit\u00eb d\u00ebrgohen n\u00eb adres\u00ebn: e-mail: info@fokusaward.com dhe n\u00eb WeTransfer<br \/>\nRezolucioni i fotografive duhet t\u00eb jet\u00eb i lart\u00eb, q\u00eb t\u00eb mund t\u00eb b\u00ebhet printim cil\u00ebsor n\u00eb formatin 50x70cm.<br \/>\nFotografit\u00eb duhet t\u00eb d\u00ebrgohen t\u00eb shoq\u00ebruara n\u00eb email me informata shtes\u00eb si: emri dhe mbiemri i autorit, titulli i fotografis\u00eb, adresa e plot\u00eb dhe numri i telefonit.<br \/>\nFotografit\u00eb pjes\u00ebmarr\u00ebse nuk duhet t\u00eb ken\u00eb q\u00ebn\u00eb t\u00eb ekspozuara m\u00eb par\u00eb. Fotografit\u00eb e manipuluara me Photoshop do t\u00eb refuzohen.<\/p>\n<p><em>Afati i fundit i pranimit t\u00eb pun\u00ebve \u00ebsht\u00eb 30 Korrik ora: 24:00<\/em><\/p>\n<p><strong>Vler\u00ebsimi dhe \u00c7mimet<\/strong><\/p>\n<p><strong><span class=\"mceItemHidden\">Cmimi Focus Award (Cmimi I): 1000 <em>USD<\/em><\/span><\/strong><\/p>\n<p>Fotografit\u00eb do t\u00eb selektohen dhe vler\u00ebsohen nga bordi artistik.<br \/>\nFotografit\u00eb e nominuara n\u00eb konkursin \u201cFOKUS AWARD 2021\u201d do t\u00eb ekspozohen n\u00eb Tetor, n\u00eb Galerin\u00eb e Artit n\u00eb Fier, Shqip\u00ebri.<\/p>\n<p>\u201cFOKUS AWARD 2021\u201d shp\u00ebrblen fotografit\u00eb m\u00eb t\u00eb suksesshme t\u00eb konkursit me:<br \/>\nPrintimi, paspartimi, katalogu i \u201cFOKUS AWARD 2021\u201d do t\u00eb merren p\u00ebrsip\u00ebr nga organizator\u00ebt.<br \/>\nFotografit\u00eb pjes\u00ebmarr\u00ebse g\u00ebzojn\u00eb t\u00eb drejta t\u00eb plota autoriale. Fotografit\u00eb e ekspozit\u00ebs nuk u d\u00ebrgohen autor\u00ebve. Organizator\u00ebt ruajn\u00eb t\u00eb drejt\u00ebn e p\u00ebrdorimit t\u00eb fotografive p\u00ebr promovimin e aktiviteteve t\u00eb FOKUS.<\/p>\n\n\t\t<\/div>\n\t<\/div>\n<\/div><\/div><\/div><\/div>","protected":false},"excerpt":{"rendered":"\"FOKUS\u00a0AWARD 2020\u201d Announces Photography Contest FOKUS\u00a0is an International Annual Contest and Exhibition of Photography in Fier, Albania. Everyone can\u00a0take part\u00a0without age limitation. Maximum 3 photographs\u00a0can be\u00a0submitted. If selected, only 1 photograph will be accepted. The theme of the competition is: \"Mono\". Photographs\u00a0are emailed\u00a0to:\u00a0info@fokusaward.com\u00a0through: www.wetransfer.com The submissions\u00a0should be\u00a0high resolution, enough to do\u00a050x70cm\u00a0large prints. Photographers should email\u00a0additional\u00a0information [...]","protected":false},"author":1,"featured_media":0,"parent":0,"menu_order":0,"comment_status":"closed","ping_status":"closed","template":"","meta":[],"acf":[],"_links":{"self":[{"href":"https:\/\/www.fokusaward.com\/en\/wp-json\/wp\/v2\/pages\/1055"}],"collection":[{"href":"https:\/\/www.fokusaward.com\/en\/wp-json\/wp\/v2\/pages"}],"about":[{"href":"https:\/\/www.fokusaward.com\/en\/wp-json\/wp\/v2\/types\/page"}],"author":[{"embeddable":true,"href":"https:\/\/www.fokusaward.com\/en\/wp-json\/wp\/v2\/users\/1"}],"replies":[{"embeddable":true,"href":"https:\/\/www.fokusaward.com\/en\/wp-json\/wp\/v2\/comments?post=1055"}],"version-history":[{"count":20,"href":"https:\/\/www.fokusaward.com\/en\/wp-json\/wp\/v2\/pages\/1055\/revisions"}],"predecessor-version":[{"id":2365,"href":"https:\/\/www.fokusaward.com\/en\/wp-json\/wp\/v2\/pages\/1055\/revisions\/2365"}],"wp:attachment":[{"href":"https:\/\/www.fokusaward.com\/en\/wp-json\/wp\/v2\/media?parent=1055"}],"curies":[{"name":"wp","href":"https:\/\/api.w.org\/{rel}","templated":true}]}}